{"id":373,"date":"2023-04-16T15:14:46","date_gmt":"2023-04-16T13:14:46","guid":{"rendered":"http:\/\/lanana.fr\/?page_id=373"},"modified":"2025-08-29T12:56:45","modified_gmt":"2025-08-29T10:56:45","slug":"mentions-legales","status":"publish","type":"page","link":"https:\/\/lanana.fr\/?page_id=373","title":{"rendered":"Mentions l\u00e9gales"},"content":{"rendered":"\t\t<div data-elementor-type=\"wp-page\" data-elementor-id=\"373\" class=\"elementor elementor-373\">\n\t\t\t\t\t\t<section class=\"elementor-section elementor-top-section elementor-element elementor-element-503e0ab elementor-section-boxed elementor-section-height-default elementor-section-height-default\" data-id=\"503e0ab\" data-element_type=\"section\" data-e-type=\"section\">\n\t\t\t\t\t\t<div class=\"elementor-container elementor-column-gap-default\">\n\t\t\t\t\t<div class=\"elementor-column elementor-col-100 elementor-top-column elementor-element elementor-element-54c6757\" data-id=\"54c6757\" data-element_type=\"column\" data-e-type=\"column\">\n\t\t\t<div class=\"elementor-widget-wrap elementor-element-populated\">\n\t\t\t\t\t\t<div class=\"elementor-element elementor-element-00413ad elementor-widget elementor-widget-heading\" data-id=\"00413ad\" data-element_type=\"widget\" data-e-type=\"widget\" data-widget_type=\"heading.default\">\n\t\t\t\t<div class=\"elementor-widget-container\">\n\t\t\t\t\t<h2 class=\"elementor-heading-title elementor-size-default\">Mentions l\u00e9gales<\/h2>\t\t\t\t<\/div>\n\t\t\t\t<\/div>\n\t\t\t\t\t<\/div>\n\t\t<\/div>\n\t\t\t\t\t<\/div>\n\t\t<\/section>\n\t\t\t\t<section class=\"elementor-section elementor-top-section elementor-element elementor-element-cff61ca elementor-section-boxed elementor-section-height-default elementor-section-height-default\" data-id=\"cff61ca\" data-element_type=\"section\" data-e-type=\"section\">\n\t\t\t\t\t\t<div class=\"elementor-container elementor-column-gap-default\">\n\t\t\t\t\t<div class=\"elementor-column elementor-col-100 elementor-top-column elementor-element elementor-element-5e27bff\" data-id=\"5e27bff\" data-element_type=\"column\" data-e-type=\"column\">\n\t\t\t<div class=\"elementor-widget-wrap elementor-element-populated\">\n\t\t\t\t\t\t<div class=\"elementor-element elementor-element-e6c3e32 elementor-widget elementor-widget-text-editor\" data-id=\"e6c3e32\" data-element_type=\"widget\" data-e-type=\"widget\" data-widget_type=\"text-editor.default\">\n\t\t\t\t<div class=\"elementor-widget-container\">\n\t\t\t\t\t\t\t\t\t<ul><li>Pr\u00e9sentation du site :<\/li><\/ul><p>Le site <a href=\"http:\/\/www.lanana.com\/\">www.lanana.fr <\/a>est la propri\u00e9t\u00e9 de la soci\u00e9t\u00e9 WIKIDIGITAL SARL, dont le si\u00e8ge social est situ\u00e9 \u00e0 22, route Romaine 38110 Cessieu, immatricul\u00e9e sous le N\u00b0 990071300 00018<\/p><ul><li>Responsable de la publication :<\/li><\/ul><p>La responsable de la publication est Charl\u00e8ne Perenet, en qualit\u00e9 de pr\u00e9sidente de la SARL.<\/p><ul><li>H\u00e9bergeur du site :<\/li><\/ul><p>Le site est h\u00e9berg\u00e9 par OVH, dont le si\u00e8ge social est situ\u00e9 \u00e0 2 rue Kellermann, 59100 Roubaix, num\u00e9ro de t\u00e9l\u00e9phone : 1007.<\/p><ul><li>Propri\u00e9t\u00e9 intellectuelle :<\/li><\/ul><p>Le site de du r\u00e9seau \u00ab\u00a0L&rsquo;Anana\u00a0\u00bb ainsi que tous les \u00e9l\u00e9ments qui le composent, incluant mais non limit\u00e9 \u00e0, les textes, images, vid\u00e9os, logos, ic\u00f4nes, sons, logiciels et bases de donn\u00e9es, sont prot\u00e9g\u00e9s par la l\u00e9gislation fran\u00e7aise sur la propri\u00e9t\u00e9 intellectuelle, notamment par le Code de la propri\u00e9t\u00e9 intellectuelle. Ces \u00e9l\u00e9ments sont la propri\u00e9t\u00e9 exclusive de l&rsquo;entreprise WIKIDIGITAL.<\/p><p>Toute reproduction, repr\u00e9sentation, modification, publication, adaptation totale ou partielle de ces \u00e9l\u00e9ments, quel que soit le moyen ou le proc\u00e9d\u00e9 utilis\u00e9, est strictement interdite, sauf autorisation pr\u00e9alable \u00e9crite de l&rsquo;entreprise WIKIDIGITAL. Toute exploitation non autoris\u00e9e du site ou de l&rsquo;un des \u00e9l\u00e9ments qu&rsquo;il contient sera consid\u00e9r\u00e9e comme constitutive d&rsquo;une contrefa\u00e7on et poursuivie conform\u00e9ment aux dispositions des articles L.335-2 et suivants du Code de la propri\u00e9t\u00e9 intellectuelle.<\/p><p>Le nom \u00ab\u00a0L&rsquo;Anana\u00a0\u00bb, les logos, la charte graphique, ainsi que les slogans du r\u00e9seau sont des marques d\u00e9pos\u00e9es \u00e0 l\u2019INPI (Institut National de la Propri\u00e9t\u00e9 Industrielle). \u00c0 ce titre, ils ne peuvent \u00eatre utilis\u00e9s sans l&rsquo;autorisation \u00e9crite expresse de la pr\u00e9sidente de WIKIDIGITAL.<\/p><p>Pour toute demande d&rsquo;autorisation ou d&rsquo;information, veuillez nous contacter par email \u00e0 l&rsquo;adresse suivante : lanana.asso@gmail.com ou par courrier \u00e0 l&rsquo;adresse postale suivante :<\/p><p>WIKIDIGITAL SARL<\/p><p>R\u00e9seau \u00ab\u00a0L&rsquo;Anana\u00a0\u00bb<\/p><p>22, route Romaine<\/p><p>38110 Cessieu<\/p><p>L&rsquo;entreprise WIKIDIGITAL se r\u00e9serve le droit d&rsquo;engager des poursuites judiciaires en cas de violation de ses droits de propri\u00e9t\u00e9 intellectuelle.<\/p><ul><li>Protection des donn\u00e9es personnelles :<\/li><\/ul><p>Le r\u00e9seau \u00ab\u00a0L&rsquo;Anana\u00a0\u00bb s&rsquo;engage \u00e0 respecter la vie priv\u00e9e de ses utilisateurs et \u00e0 prot\u00e9ger les informations personnelles qu&rsquo;ils lui fournissent. Les donn\u00e9es personnelles collect\u00e9es par l&rsquo;entreprise WIKIDIGITAL, sous le r\u00e9seau \u00ab\u00a0L&rsquo;Anana\u00a0\u00bb sont utilis\u00e9es exclusivement pour la gestion des adh\u00e9rents et des contacts. En aucun cas, ces donn\u00e9es ne seront transmises \u00e0 des tiers sans l&rsquo;autorisation pr\u00e9alable de la personne concern\u00e9e.<\/p><p>Conform\u00e9ment \u00e0 la loi n\u00b0 78-17 du 6 janvier 1978 modifi\u00e9e, relative \u00e0 l&rsquo;informatique, aux fichiers et aux libert\u00e9s, et au R\u00e8glement G\u00e9n\u00e9ral sur la Protection des Donn\u00e9es (RGPD) n\u00b0 2016\/679 du 27 avril 2016, chaque utilisateur dispose d&rsquo;un droit d&rsquo;acc\u00e8s, de rectification, de suppression et de portabilit\u00e9 des donn\u00e9es personnelles le concernant, ainsi qu&rsquo;un droit de limitation et d&rsquo;opposition au traitement de ces donn\u00e9es.<\/p><p>Pour exercer ces droits, l&rsquo;utilisateur peut envoyer un courrier recommand\u00e9 avec accus\u00e9 de r\u00e9ception \u00e0 l&rsquo;adresse suivante :<\/p><p><strong>WIKIDIGITAL EURL<\/strong><\/p><p><strong>R\u00e9seau \u00ab\u00a0L&rsquo;Anana\u00a0\u00bb<\/strong><br \/>22, route Romaine<br \/>38110 Cessieu<\/p><p>L&rsquo;entreprise WIKIDIGITAL s&rsquo;engage \u00e0 r\u00e9pondre \u00e0 toute demande d&rsquo;exercice de droits dans un d\u00e9lai de 30 jours \u00e0 compter de la r\u00e9ception de la demande.<\/p><ul><li>Liens hypertextes :<\/li><\/ul><p>Le site de \u00ab\u00a0L&rsquo;Anana\u00a0\u00bb peut contenir des liens hypertextes vers d&rsquo;autres sites internet. L&rsquo;entreprise WIKIDIGITAL, sous le nom du r\u00e9seau de \u00ab\u00a0L&rsquo;Anana\u00a0\u00bb d\u00e9cline toute responsabilit\u00e9 quant au contenu de ces sites internet et aux pratiques des soci\u00e9t\u00e9s qui les exploitent.<\/p><p>Conform\u00e9ment \u00e0 l&rsquo;article 1240 du Code civil, la responsabilit\u00e9 de l&rsquo;entreprise WIKIDIGITAL\u00a0 ne saurait \u00eatre engag\u00e9e du fait des contenus diffus\u00e9s sur ces sites tiers. Les utilisateurs sont invit\u00e9s \u00e0 consulter les mentions l\u00e9gales et les politiques de confidentialit\u00e9 de ces sites tiers avant de fournir leurs informations personnelles ou de s&rsquo;engager dans toute transaction.<\/p><ul><li>Responsabilit\u00e9 :<\/li><\/ul><p>L&rsquo;entreprise WIKIDIGITAL ne saurait \u00eatre tenue responsable des dommages directs ou indirects, quels qu&rsquo;ils soient, r\u00e9sultant de l&rsquo;acc\u00e8s ou de l&rsquo;utilisation du site, y compris, mais sans s&rsquo;y limiter, de l&rsquo;indisponibilit\u00e9 du site, des pertes de donn\u00e9es, des virus informatiques ou autres \u00e9l\u00e9ments nuisibles.<\/p><p>Conform\u00e9ment \u00e0 l&rsquo;article 1240 du Code civil, la responsabilit\u00e9 de l&rsquo;entreprise WIKIDIGITAL ne peut \u00eatre engag\u00e9e que pour faute prouv\u00e9e de sa part. En outre, conform\u00e9ment \u00e0 l&rsquo;article 1231-1 du Code civil, l&rsquo;association ne peut \u00eatre tenue responsable des dommages indirects, tels que le manque \u00e0 gagner, la perte de chance ou les pr\u00e9judices commerciaux, r\u00e9sultant de l&rsquo;utilisation du site.<\/p><p>Les utilisateurs sont seuls responsables de la protection de leurs \u00e9quipements informatiques et de leurs donn\u00e9es contre tout dommage pouvant survenir lors de l&rsquo;utilisation du site de \u00ab\u00a0l&rsquo;Anana\u00a0\u00bb. En acc\u00e9dant au site, ils acceptent de prendre toutes les mesures appropri\u00e9es pour prot\u00e9ger leurs donn\u00e9es et syst\u00e8mes informatiques contre les virus, tentatives d&rsquo;intrusion et autres risques.<\/p><ul><li>Loi applicable et juridiction comp\u00e9tente :<\/li><\/ul><p>Le pr\u00e9sent site est soumis \u00e0 la loi fran\u00e7aise. En cas de litige relatif \u00e0 l&rsquo;utilisation du site, les parties s&rsquo;engagent \u00e0 rechercher une solution amiable avant toute action judiciaire. \u00c0 d\u00e9faut de solution amiable, tout litige sera soumis \u00e0 la comp\u00e9tence exclusive des tribunaux fran\u00e7ais.<\/p><p>Conform\u00e9ment \u00e0 l&rsquo;article 42 du Code de proc\u00e9dure civile, la juridiction comp\u00e9tente sera celle du lieu du domicile du d\u00e9fendeur ou, au choix du demandeur, du lieu de l&rsquo;ex\u00e9cution de la prestation de service. Pour les litiges impliquant des consommateurs, les r\u00e8gles de comp\u00e9tence pr\u00e9vues aux articles R.631-3 et suivants du Code de la consommation s&rsquo;appliqueront.<\/p>\t\t\t\t\t\t\t\t<\/div>\n\t\t\t\t<\/div>\n\t\t\t\t\t<\/div>\n\t\t<\/div>\n\t\t\t\t\t<\/div>\n\t\t<\/section>\n\t\t\t\t<\/div>\n\t\t","protected":false},"excerpt":{"rendered":"<p>Mentions l\u00e9gales Pr\u00e9sentation du site : Le site www.lanana.fr est la propri\u00e9t\u00e9 de la soci\u00e9t\u00e9 WIKIDIGITAL SARL, dont le si\u00e8ge social est situ\u00e9 \u00e0 22, route Romaine 38110 Cessieu, immatricul\u00e9e sous le N\u00b0 990071300 00018 Responsable de la publication : La responsable de la publication est Charl\u00e8ne Perenet, en qualit\u00e9 de pr\u00e9sidente de la SARL. [&hellip;]<\/p>\n","protected":false},"author":1,"featured_media":0,"parent":0,"menu_order":0,"comment_status":"closed","ping_status":"closed","template":"","meta":{"footnotes":""},"class_list":["post-373","page","type-page","status-publish","hentry"],"yoast_head":"<!-- This site is optimized with the Yoast SEO plugin v27.3 - https:\/\/yoast.com\/product\/yoast-seo-wordpress\/ -->\n<title>Mentions l\u00e9gales - L&#039;ANANA<\/title>\n<meta name=\"robots\" content=\"index, follow, max-snippet:-1, max-image-preview:large, max-video-preview:-1\" \/>\n<link rel=\"canonical\" href=\"https:\/\/lanana.fr\/?page_id=373\" \/>\n<meta property=\"og:locale\" content=\"fr_FR\" \/>\n<meta property=\"og:type\" content=\"article\" \/>\n<meta property=\"og:title\" content=\"Mentions l\u00e9gales - L&#039;ANANA\" \/>\n<meta property=\"og:description\" content=\"Mentions l\u00e9gales Pr\u00e9sentation du site : Le site www.lanana.fr est la propri\u00e9t\u00e9 de la soci\u00e9t\u00e9 WIKIDIGITAL SARL, dont le si\u00e8ge social est situ\u00e9 \u00e0 22, route Romaine 38110 Cessieu, immatricul\u00e9e sous le N\u00b0 990071300 00018 Responsable de la publication : La responsable de la publication est Charl\u00e8ne Perenet, en qualit\u00e9 de pr\u00e9sidente de la SARL. [&hellip;]\" \/>\n<meta property=\"og:url\" content=\"https:\/\/lanana.fr\/?page_id=373\" \/>\n<meta property=\"og:site_name\" content=\"L&#039;ANANA\" \/>\n<meta property=\"article:modified_time\" content=\"2025-08-29T10:56:45+00:00\" \/>\n<meta name=\"twitter:card\" content=\"summary_large_image\" \/>\n<meta name=\"twitter:label1\" content=\"Dur\u00e9e de lecture estim\u00e9e\" \/>\n\t<meta name=\"twitter:data1\" content=\"5 minutes\" \/>\n<script type=\"application\/ld+json\" class=\"yoast-schema-graph\">{\"@context\":\"https:\\\/\\\/schema.org\",\"@graph\":[{\"@type\":\"WebPage\",\"@id\":\"https:\\\/\\\/lanana.fr\\\/?page_id=373\",\"url\":\"https:\\\/\\\/lanana.fr\\\/?page_id=373\",\"name\":\"Mentions l\u00e9gales - L&#039;ANANA\",\"isPartOf\":{\"@id\":\"https:\\\/\\\/lanana.fr\\\/#website\"},\"datePublished\":\"2023-04-16T13:14:46+00:00\",\"dateModified\":\"2025-08-29T10:56:45+00:00\",\"breadcrumb\":{\"@id\":\"https:\\\/\\\/lanana.fr\\\/?page_id=373#breadcrumb\"},\"inLanguage\":\"fr-FR\",\"potentialAction\":[{\"@type\":\"ReadAction\",\"target\":[\"https:\\\/\\\/lanana.fr\\\/?page_id=373\"]}]},{\"@type\":\"BreadcrumbList\",\"@id\":\"https:\\\/\\\/lanana.fr\\\/?page_id=373#breadcrumb\",\"itemListElement\":[{\"@type\":\"ListItem\",\"position\":1,\"name\":\"Accueil\",\"item\":\"https:\\\/\\\/lanana.fr\\\/\"},{\"@type\":\"ListItem\",\"position\":2,\"name\":\"Mentions l\u00e9gales\"}]},{\"@type\":\"WebSite\",\"@id\":\"https:\\\/\\\/lanana.fr\\\/#website\",\"url\":\"https:\\\/\\\/lanana.fr\\\/\",\"name\":\"L&#039;ANANA\",\"description\":\"ton r\u00e9seau business 100% f\u00e9minin\",\"publisher\":{\"@id\":\"https:\\\/\\\/lanana.fr\\\/#organization\"},\"potentialAction\":[{\"@type\":\"SearchAction\",\"target\":{\"@type\":\"EntryPoint\",\"urlTemplate\":\"https:\\\/\\\/lanana.fr\\\/?s={search_term_string}\"},\"query-input\":{\"@type\":\"PropertyValueSpecification\",\"valueRequired\":true,\"valueName\":\"search_term_string\"}}],\"inLanguage\":\"fr-FR\"},{\"@type\":\"Organization\",\"@id\":\"https:\\\/\\\/lanana.fr\\\/#organization\",\"name\":\"L&#039;ANANA\",\"url\":\"https:\\\/\\\/lanana.fr\\\/\",\"logo\":{\"@type\":\"ImageObject\",\"inLanguage\":\"fr-FR\",\"@id\":\"https:\\\/\\\/lanana.fr\\\/#\\\/schema\\\/logo\\\/image\\\/\",\"url\":\"https:\\\/\\\/lanana.fr\\\/wp-content\\\/uploads\\\/2023\\\/04\\\/Logo_fondblanc_4.png\",\"contentUrl\":\"https:\\\/\\\/lanana.fr\\\/wp-content\\\/uploads\\\/2023\\\/04\\\/Logo_fondblanc_4.png\",\"width\":2481,\"height\":2481,\"caption\":\"L&#039;ANANA\"},\"image\":{\"@id\":\"https:\\\/\\\/lanana.fr\\\/#\\\/schema\\\/logo\\\/image\\\/\"}}]}<\/script>\n<!-- \/ Yoast SEO plugin. -->","yoast_head_json":{"title":"Mentions l\u00e9gales - L&#039;ANANA","robots":{"index":"index","follow":"follow","max-snippet":"max-snippet:-1","max-image-preview":"max-image-preview:large","max-video-preview":"max-video-preview:-1"},"canonical":"https:\/\/lanana.fr\/?page_id=373","og_locale":"fr_FR","og_type":"article","og_title":"Mentions l\u00e9gales - L&#039;ANANA","og_description":"Mentions l\u00e9gales Pr\u00e9sentation du site : Le site www.lanana.fr est la propri\u00e9t\u00e9 de la soci\u00e9t\u00e9 WIKIDIGITAL SARL, dont le si\u00e8ge social est situ\u00e9 \u00e0 22, route Romaine 38110 Cessieu, immatricul\u00e9e sous le N\u00b0 990071300 00018 Responsable de la publication : La responsable de la publication est Charl\u00e8ne Perenet, en qualit\u00e9 de pr\u00e9sidente de la SARL. [&hellip;]","og_url":"https:\/\/lanana.fr\/?page_id=373","og_site_name":"L&#039;ANANA","article_modified_time":"2025-08-29T10:56:45+00:00","twitter_card":"summary_large_image","twitter_misc":{"Dur\u00e9e de lecture estim\u00e9e":"5 minutes"},"schema":{"@context":"https:\/\/schema.org","@graph":[{"@type":"WebPage","@id":"https:\/\/lanana.fr\/?page_id=373","url":"https:\/\/lanana.fr\/?page_id=373","name":"Mentions l\u00e9gales - L&#039;ANANA","isPartOf":{"@id":"https:\/\/lanana.fr\/#website"},"datePublished":"2023-04-16T13:14:46+00:00","dateModified":"2025-08-29T10:56:45+00:00","breadcrumb":{"@id":"https:\/\/lanana.fr\/?page_id=373#breadcrumb"},"inLanguage":"fr-FR","potentialAction":[{"@type":"ReadAction","target":["https:\/\/lanana.fr\/?page_id=373"]}]},{"@type":"BreadcrumbList","@id":"https:\/\/lanana.fr\/?page_id=373#breadcrumb","itemListElement":[{"@type":"ListItem","position":1,"name":"Accueil","item":"https:\/\/lanana.fr\/"},{"@type":"ListItem","position":2,"name":"Mentions l\u00e9gales"}]},{"@type":"WebSite","@id":"https:\/\/lanana.fr\/#website","url":"https:\/\/lanana.fr\/","name":"L&#039;ANANA","description":"ton r\u00e9seau business 100% f\u00e9minin","publisher":{"@id":"https:\/\/lanana.fr\/#organization"},"potentialAction":[{"@type":"SearchAction","target":{"@type":"EntryPoint","urlTemplate":"https:\/\/lanana.fr\/?s={search_term_string}"},"query-input":{"@type":"PropertyValueSpecification","valueRequired":true,"valueName":"search_term_string"}}],"inLanguage":"fr-FR"},{"@type":"Organization","@id":"https:\/\/lanana.fr\/#organization","name":"L&#039;ANANA","url":"https:\/\/lanana.fr\/","logo":{"@type":"ImageObject","inLanguage":"fr-FR","@id":"https:\/\/lanana.fr\/#\/schema\/logo\/image\/","url":"https:\/\/lanana.fr\/wp-content\/uploads\/2023\/04\/Logo_fondblanc_4.png","contentUrl":"https:\/\/lanana.fr\/wp-content\/uploads\/2023\/04\/Logo_fondblanc_4.png","width":2481,"height":2481,"caption":"L&#039;ANANA"},"image":{"@id":"https:\/\/lanana.fr\/#\/schema\/logo\/image\/"}}]}},"jetpack_sharing_enabled":true,"_links":{"self":[{"href":"https:\/\/lanana.fr\/index.php?rest_route=\/wp\/v2\/pages\/373","targetHints":{"allow":["GET"]}}],"collection":[{"href":"https:\/\/lanana.fr\/index.php?rest_route=\/wp\/v2\/pages"}],"about":[{"href":"https:\/\/lanana.fr\/index.php?rest_route=\/wp\/v2\/types\/page"}],"author":[{"embeddable":true,"href":"https:\/\/lanana.fr\/index.php?rest_route=\/wp\/v2\/users\/1"}],"replies":[{"embeddable":true,"href":"https:\/\/lanana.fr\/index.php?rest_route=%2Fwp%2Fv2%2Fcomments&post=373"}],"version-history":[{"count":20,"href":"https:\/\/lanana.fr\/index.php?rest_route=\/wp\/v2\/pages\/373\/revisions"}],"predecessor-version":[{"id":2216,"href":"https:\/\/lanana.fr\/index.php?rest_route=\/wp\/v2\/pages\/373\/revisions\/2216"}],"wp:attachment":[{"href":"https:\/\/lanana.fr\/index.php?rest_route=%2Fwp%2Fv2%2Fmedia&parent=373"}],"curies":[{"name":"wp","href":"https:\/\/api.w.org\/{rel}","templated":true}]}}